{"id":74,"date":"2023-09-23T14:26:15","date_gmt":"2023-09-23T11:26:15","guid":{"rendered":"https:\/\/estate.kullerian.com\/?page_id=74"},"modified":"2023-09-23T14:40:18","modified_gmt":"2023-09-23T11:40:18","slug":"hizmetlerimiz","status":"publish","type":"page","link":"https:\/\/bfgroupinvestment.com\/tr\/hizmetlerimiz\/","title":{"rendered":"Hizmetlerimiz"},"content":{"rendered":"<p>Londra&#8217;da gayrimenkul yat\u0131r\u0131m\u0131 yapmak g\u00f6z korkutucu olabilir ancak BF Group yard\u0131m etmek i\u00e7in burada.<\/p>\n<p>T\u00fcrk ve yabanc\u0131 yat\u0131r\u0131mc\u0131lara benzersiz, \u00f6zelle\u015ftirilmi\u015f bir hizmet sunarak, sizin i\u00e7in do\u011fru karar\u0131 vermenize yard\u0131mc\u0131 oluyoruz. Londra&#8217;daki ana cadde m\u00fclklerinin sat\u0131n al\u0131nmas\u0131nda \u00e7\u0131karlar\u0131n\u0131z\u0131 temsil etme konusundaki rakipsiz yetene\u011fimizle, Londra emlak piyasas\u0131na girmenin en iyi yolu biziz.<\/p>\n<p>\u0130\u015fte size yard\u0131mc\u0131 olabilece\u011fimiz yollardan baz\u0131lar\u0131:<\/p>\n<p>&#8211; Size Londra emlak piyasas\u0131 hakk\u0131nda uzman ekibimizle tavsiye ve surec yonetimi saglamak<\/p>\n<p>&#8211; Yat\u0131r\u0131m hedeflerinize uygun do\u011fru gayrimenkul\u00fc bulman\u0131za yard\u0131mc\u0131 oluyoruz.<\/p>\n<p>&#8211; Sizin ad\u0131n\u0131za m\u00fcmk\u00fcn olan en iyi fiyat\u0131 pazarl\u0131yoruz.<\/p>\n<p>&#8211; Sat\u0131n alma s\u00fcrecini sizin i\u00e7in y\u00f6netiyoruz. Avukat bulma vb.<\/p>\n<p>&#8211; Daha fazla kira geliri elde etmenize yard\u0131mc\u0131 oluyoruz.<\/p>\n<p>&nbsp;<\/p>\n<p>M\u00fclk\u00fcn\u00fcz\u00fc s\u00fcrekli olarak y\u00f6netir.<\/p>\n<p>Londra&#8217;da gayrimenkul yat\u0131r\u0131m\u0131 yapman\u0131n b\u00fcy\u00fck bir karar oldu\u011funu biliyoruz ve bunu sizin i\u00e7in m\u00fcmk\u00fcn oldu\u011funca kolay ve stressiz hale getirmeye kararl\u0131y\u0131z. Finansal hedeflerinize ula\u015fman\u0131za nas\u0131l yard\u0131mc\u0131 olabilece\u011fimiz hakk\u0131nda daha fazla bilgi edinmek i\u00e7in bug\u00fcn bizimle ileti\u015fime ge\u00e7in.<\/p>\n","protected":false},"excerpt":{"rendered":"<p>Londra&#8217;da gayrimenkul yat\u0131r\u0131m\u0131 yapmak g\u00f6z korkutucu olabilir ancak BF Group yard\u0131m etmek i\u00e7in burada. T\u00fcrk ve yabanc\u0131 yat\u0131r\u0131mc\u0131lara benzersiz, \u00f6zelle\u015ftirilmi\u015f bir hizmet sunarak, sizin i\u00e7in do\u011fru karar\u0131 vermenize yard\u0131mc\u0131 oluyoruz. Londra&#8217;daki ana cadde m\u00fclklerinin sat\u0131n al\u0131nmas\u0131nda \u00e7\u0131karlar\u0131n\u0131z\u0131 temsil etme konusundaki rakipsiz yetene\u011fimizle, Londra emlak piyasas\u0131na girmenin en iyi yolu biziz. \u0130\u015fte size yard\u0131mc\u0131 olabilece\u011fimiz yollardan [&hellip;]<\/p>\n","protected":false},"author":1,"featured_media":0,"parent":0,"menu_order":0,"comment_status":"closed","ping_status":"closed","template":"","meta":{"footnotes":""},"class_list":["post-74","page","type-page","status-publish","hentry"],"_links":{"self":[{"href":"https:\/\/bfgroupinvestment.com\/tr\/wp-json\/wp\/v2\/pages\/74","targetHints":{"allow":["GET"]}}],"collection":[{"href":"https:\/\/bfgroupinvestment.com\/tr\/wp-json\/wp\/v2\/pages"}],"about":[{"href":"https:\/\/bfgroupinvestment.com\/tr\/wp-json\/wp\/v2\/types\/page"}],"author":[{"embeddable":true,"href":"https:\/\/bfgroupinvestment.com\/tr\/wp-json\/wp\/v2\/users\/1"}],"replies":[{"embeddable":true,"href":"https:\/\/bfgroupinvestment.com\/tr\/wp-json\/wp\/v2\/comments?post=74"}],"version-history":[{"count":3,"href":"https:\/\/bfgroupinvestment.com\/tr\/wp-json\/wp\/v2\/pages\/74\/revisions"}],"predecessor-version":[{"id":99,"href":"https:\/\/bfgroupinvestment.com\/tr\/wp-json\/wp\/v2\/pages\/74\/revisions\/99"}],"wp:attachment":[{"href":"https:\/\/bfgroupinvestment.com\/tr\/wp-json\/wp\/v2\/media?parent=74"}],"curies":[{"name":"wp","href":"https:\/\/api.w.org\/{rel}","templated":true}]}}