{"id":24,"date":"2023-08-22T14:26:35","date_gmt":"2023-08-22T11:26:35","guid":{"rendered":"https:\/\/estate.kullerian.com\/?page_id=24"},"modified":"2023-09-25T17:05:43","modified_gmt":"2023-09-25T14:05:43","slug":"hakkimizda","status":"publish","type":"page","link":"https:\/\/bfgroupinvestment.com\/tr\/hakkimizda\/","title":{"rendered":"Hakk\u0131m\u0131zda"},"content":{"rendered":"<p>&nbsp;<\/p>\n<p><a href=\"https:\/\/bfgroupinvestment.com\/wp-content\/uploads\/2023\/09\/istockphoto-1349249677-612x612-1.jpg\"><img loading=\"lazy\" decoding=\"async\" class=\"size-full wp-image-76 aligncenter\" src=\"https:\/\/bfgroupinvestment.com\/wp-content\/uploads\/2023\/09\/istockphoto-1349249677-612x612-1.jpg\" alt=\"\" width=\"612\" height=\"408\" srcset=\"https:\/\/bfgroupinvestment.com\/wp-content\/uploads\/2023\/09\/istockphoto-1349249677-612x612-1.jpg 612w, https:\/\/bfgroupinvestment.com\/wp-content\/uploads\/2023\/09\/istockphoto-1349249677-612x612-1-300x200.jpg 300w\" sizes=\"auto, (max-width: 612px) 100vw, 612px\" \/><\/a><\/p>\n<p>Londra emlak piyasas\u0131 hakk\u0131ndaki birikimini Sizlerin hizmetine sunmaktan onur duyan bir grup Londral\u0131n\u0131n ba\u015flatt\u0131\u011f\u0131 bir giri\u015fimiz. Londra\u2019da ya\u015famaktan keyif al\u0131yoruz; bu muazzamn \u015fehrin m\u00fcstakbel yat\u0131r\u0131mc\u0131lar\u0131yla i\u015f orta\u011f\u0131 olmak istiyoruz.<\/p>\n<p>Londra, \u201canlatmas\u0131 ne m\u00fcmk\u00fcn ancak ya\u015fan\u0131r\u201d cinsten bir \u015fehir. Burada ya\u015fam, zengin bir k\u00fclt\u00fcrden s\u00fcz\u00fclen e\u015fsiz f\u0131rsatlar sunuyor. Ticaret, finans, teknoloji ve e\u011fitimin k\u00fcresel ba\u015fkenti, ayn\u0131 zamanda d\u00fcnyan\u0131n en \u00e7ok talep edilen \u015fehri\u2026\u00a0<\/p>\n<p>B\u00f6yle bir \u015fehre yat\u0131r\u0131m yapmay\u0131 istemez misiniz? Bunu sizin i\u00e7in, sizinle birlikte m\u00fcmk\u00fcn k\u0131lmay\u0131 arzu ediyor, g\u00fcvenli ve y\u00fcksek getirili yat\u0131r\u0131m f\u0131rsatlar\u0131 i\u00e7in i\u015f orta\u011f\u0131n\u0131z olmay\u0131 sab\u0131rs\u0131zl\u0131kla bekliyoruz.<\/p>\n","protected":false},"excerpt":{"rendered":"<p>&nbsp; Londra emlak piyasas\u0131 hakk\u0131ndaki birikimini Sizlerin hizmetine sunmaktan onur duyan bir grup Londral\u0131n\u0131n ba\u015flatt\u0131\u011f\u0131 bir giri\u015fimiz. Londra\u2019da ya\u015famaktan keyif al\u0131yoruz; bu muazzamn \u015fehrin m\u00fcstakbel yat\u0131r\u0131mc\u0131lar\u0131yla i\u015f orta\u011f\u0131 olmak istiyoruz. Londra, \u201canlatmas\u0131 ne m\u00fcmk\u00fcn ancak ya\u015fan\u0131r\u201d cinsten bir \u015fehir. Burada ya\u015fam, zengin bir k\u00fclt\u00fcrden s\u00fcz\u00fclen e\u015fsiz f\u0131rsatlar sunuyor. Ticaret, finans, teknoloji ve e\u011fitimin k\u00fcresel ba\u015fkenti, [&hellip;]<\/p>\n","protected":false},"author":1,"featured_media":0,"parent":0,"menu_order":0,"comment_status":"closed","ping_status":"closed","template":"","meta":{"footnotes":""},"class_list":["post-24","page","type-page","status-publish","hentry"],"_links":{"self":[{"href":"https:\/\/bfgroupinvestment.com\/tr\/wp-json\/wp\/v2\/pages\/24","targetHints":{"allow":["GET"]}}],"collection":[{"href":"https:\/\/bfgroupinvestment.com\/tr\/wp-json\/wp\/v2\/pages"}],"about":[{"href":"https:\/\/bfgroupinvestment.com\/tr\/wp-json\/wp\/v2\/types\/page"}],"author":[{"embeddable":true,"href":"https:\/\/bfgroupinvestment.com\/tr\/wp-json\/wp\/v2\/users\/1"}],"replies":[{"embeddable":true,"href":"https:\/\/bfgroupinvestment.com\/tr\/wp-json\/wp\/v2\/comments?post=24"}],"version-history":[{"count":9,"href":"https:\/\/bfgroupinvestment.com\/tr\/wp-json\/wp\/v2\/pages\/24\/revisions"}],"predecessor-version":[{"id":147,"href":"https:\/\/bfgroupinvestment.com\/tr\/wp-json\/wp\/v2\/pages\/24\/revisions\/147"}],"wp:attachment":[{"href":"https:\/\/bfgroupinvestment.com\/tr\/wp-json\/wp\/v2\/media?parent=24"}],"curies":[{"name":"wp","href":"https:\/\/api.w.org\/{rel}","templated":true}]}}