{"id":116,"date":"2023-09-24T13:33:37","date_gmt":"2023-09-24T10:33:37","guid":{"rendered":"https:\/\/estate.kullerian.com\/earning\/"},"modified":"2023-09-24T17:38:12","modified_gmt":"2023-09-24T14:38:12","slug":"kazanc","status":"publish","type":"page","link":"https:\/\/bfgroupinvestment.com\/tr\/kazanc\/","title":{"rendered":"KAZAN\u00c7"},"content":{"rendered":"<p><strong>Uzun ve k\u0131sa vadede y\u00fcksek getiri<\/strong><\/p>\n<p>Londra emlak piyasas\u0131n\u0131n mevcut durumu<\/p>\n<p>Londra, mali istikrar\u0131 nedeniyle yabanc\u0131 yat\u0131r\u0131mc\u0131lar\u0131n en \u00e7ok tercih etti\u011fi destinasyondur. Uzaktan \u00e7al\u0131\u015fmaya ge\u00e7i\u015f, daha fazla alana sahip evlere olan talebin artmas\u0131na neden oldu ve Londra, Birle\u015fik Krall\u0131k&#8217;\u0131n COVID sonras\u0131 en g\u00fc\u00e7l\u00fc ekonomisine sahip.<\/p>\n<p><strong>D\u0131\u015f yat\u0131r\u0131m<\/strong><\/p>\n<p>Londra, yabanc\u0131 yat\u0131r\u0131m \u00e7ekme konusunda \u0130ngiltere&#8217;nin en iyi \u015fehridir. 2019&#8217;da do\u011frudan yabanc\u0131 yat\u0131r\u0131m (DYY), Birle\u015fik Krall\u0131k&#8217;taki toplam do\u011frudan yabanc\u0131 yat\u0131r\u0131m\u0131n neredeyse yar\u0131s\u0131n\u0131 olu\u015fturdu. Bu, Birle\u015fik Krall\u0131k&#8217;\u0131n geri kalan\u0131ndaki b\u00fcy\u00fcmenin sabit kald\u0131\u011f\u0131 bir d\u00f6nemdi. Londra&#8217;n\u0131n baz\u0131 b\u00f6lgelerinde do\u011frudan yabanc\u0131 yat\u0131r\u0131mlarda %65&#8217;lik bir art\u0131\u015f g\u00f6r\u00fcld\u00fc.<\/p>\n<p><strong>Uzaktan \u00e7al\u0131\u015fma<\/strong><\/p>\n<p>Uzaktan \u00e7al\u0131\u015fmaya ge\u00e7i\u015f, Londra&#8217;da ofis alan\u0131na olan talebin azalmas\u0131na yol a\u00e7t\u0131. Ancak bu ayn\u0131 zamanda daha fazla alana sahip evlere olan talebin de artmas\u0131na neden oldu. Bunun nedeni, evden \u00e7al\u0131\u015fan ki\u015filerin ev ofisi ve di\u011fer faaliyetleri i\u00e7in daha fazla alana ihtiya\u00e7 duymas\u0131d\u0131r.<\/p>\n<p><strong>Konut talebi<\/strong><\/p>\n<p>Londra&#8217;da yat\u0131r\u0131m i\u00e7in ilk on sekt\u00f6rden \u00fc\u00e7\u00fc konutla ilgilidir. Bunlar \u00f6zel kiral\u0131k konutlar, uygun fiyatl\u0131 konutlar ve sosyal konutlard\u0131r. Bu da Londra&#8217;da konutlara talebin artt\u0131\u011f\u0131n\u0131 g\u00f6steriyor.<\/p>\n<p><strong>Ekonomi<\/strong><\/p>\n<p>Londra, Birle\u015fik Krall\u0131k&#8217;\u0131n COVID sonras\u0131 d\u00f6nemde en g\u00fc\u00e7l\u00fc ekonomisine sahip. Bunun nedeni, g\u00fc\u00e7l\u00fc finans sekt\u00f6r\u00fc ve i\u015f ve ticaret i\u00e7in k\u00fcresel bir merkez olma konumu da dahil olmak \u00fczere bir dizi fakt\u00f6rd\u00fcr.<\/p>\n<p><strong>\u00c7\u00f6z\u00fcm<\/strong><\/p>\n<p>Londra hen\u00fcz \u00e7ok erken, ancak Londra emlak piyasas\u0131n\u0131n \u00f6n\u00fcm\u00fczdeki y\u0131llarda geli\u015fmeye devam edece\u011fi a\u00e7\u0131k.<\/p>\n","protected":false},"excerpt":{"rendered":"<p>Uzun ve k\u0131sa vadede y\u00fcksek getiri Londra emlak piyasas\u0131n\u0131n mevcut durumu Londra, mali istikrar\u0131 nedeniyle yabanc\u0131 yat\u0131r\u0131mc\u0131lar\u0131n en \u00e7ok tercih etti\u011fi destinasyondur. Uzaktan \u00e7al\u0131\u015fmaya ge\u00e7i\u015f, daha fazla alana sahip evlere olan talebin artmas\u0131na neden oldu ve Londra, Birle\u015fik Krall\u0131k&#8217;\u0131n COVID sonras\u0131 en g\u00fc\u00e7l\u00fc ekonomisine sahip. D\u0131\u015f yat\u0131r\u0131m Londra, yabanc\u0131 yat\u0131r\u0131m \u00e7ekme konusunda \u0130ngiltere&#8217;nin en iyi [&hellip;]<\/p>\n","protected":false},"author":1,"featured_media":0,"parent":0,"menu_order":0,"comment_status":"closed","ping_status":"closed","template":"","meta":{"footnotes":""},"class_list":["post-116","page","type-page","status-publish","hentry"],"_links":{"self":[{"href":"https:\/\/bfgroupinvestment.com\/tr\/wp-json\/wp\/v2\/pages\/116","targetHints":{"allow":["GET"]}}],"collection":[{"href":"https:\/\/bfgroupinvestment.com\/tr\/wp-json\/wp\/v2\/pages"}],"about":[{"href":"https:\/\/bfgroupinvestment.com\/tr\/wp-json\/wp\/v2\/types\/page"}],"author":[{"embeddable":true,"href":"https:\/\/bfgroupinvestment.com\/tr\/wp-json\/wp\/v2\/users\/1"}],"replies":[{"embeddable":true,"href":"https:\/\/bfgroupinvestment.com\/tr\/wp-json\/wp\/v2\/comments?post=116"}],"version-history":[{"count":1,"href":"https:\/\/bfgroupinvestment.com\/tr\/wp-json\/wp\/v2\/pages\/116\/revisions"}],"predecessor-version":[{"id":118,"href":"https:\/\/bfgroupinvestment.com\/tr\/wp-json\/wp\/v2\/pages\/116\/revisions\/118"}],"wp:attachment":[{"href":"https:\/\/bfgroupinvestment.com\/tr\/wp-json\/wp\/v2\/media?parent=116"}],"curies":[{"name":"wp","href":"https:\/\/api.w.org\/{rel}","templated":true}]}}